{"id":259,"date":"2017-09-12T10:31:17","date_gmt":"2017-09-12T10:31:17","guid":{"rendered":"http:\/\/shbb.eu\/impressum\/"},"modified":"2024-09-09T14:08:13","modified_gmt":"2024-09-09T12:08:13","slug":"about-us","status":"publish","type":"page","link":"https:\/\/shbb.eu\/en\/about-us\/","title":{"rendered":"Site Notice"},"content":{"rendered":"<p><strong>Area of application:<\/strong><\/p>\n<ul>\n<li><a href=\"https:\/\/www.shbb.eu\" target=\"_blank\" rel=\"noopener noreferrer\">https:\/\/www.shbb.eu<\/a><\/li>\n<li><a href=\"https:\/\/www.facebook.com\/shbbbadoldesloe\" target=\"_blank\" rel=\"noopener noreferrer\">https:\/\/www.facebook.com\/shbbbadoldesloe<\/a><strong><br \/>\n<\/strong><\/li>\n<li><a href=\"https:\/\/www.instagram.com\/shbb.stbg\/\" target=\"_blank\" rel=\"noopener\">https:\/\/www.instagram.com\/shbb.stbg\/<\/a><\/li>\n<\/ul>\n<p><strong>Information<br \/>\n<\/strong>Betriebs- und Steuerberatungsgesellschaft SHBB mbH<br \/>\nMommsenstra\u00dfe 12<br \/>\n23843 Bad Oldesloe<\/p>\n<p>The Betriebs- und Steuerberatungsgesellschaft SHBB GmbH belongs to the Landwirtschaftlichen Buchf\u00fchrungsverband group of companies.<\/p>\n<p>Commercial Register: HRB 2045 OD<br \/>\nRegistration court: L\u00fcbeck<\/p>\n<p><strong>Represented by:<\/strong><br \/>\nWP StB Dipl.-Ing. Thomas J\u00fcrs<br \/>\nStB Dipl. Volkswirt J\u00fcrgen von Lengerke<br \/>\nStB Arne Jahrke<\/p>\n<p><strong>Contact<br \/>\n<\/strong>Phone: 0 45 31 \u2013 12 78-0<br \/>\nTelefax: 0 45 31 \u2013 12 78 25<br \/>\nE-mail: info@shbb.eu<\/p>\n<p>You can contact the money laundering officer at<br \/>\n<a href=\"mailto:geldwaesche@lbv-net.de\" target=\"_blank\" rel=\"noopener noreferrer\">geldwaesche(at)lbv-net.de<\/a><\/p>\n<p>You can contact the data protection officer at<br \/>\n<a href=\"mailto:datenschutzbeauftrager@lbv-net.de\" target=\"_blank\" rel=\"noopener noreferrer\">datenschutzbeauftrager(at)lbv-net.de<\/a><\/p>\n<p><strong>Postal address<br \/>\n<\/strong>More locations:<br \/>\nBarnitzer Stra\u00dfe 8, 23858 Reinfeld<br \/>\nBahnhofstra\u00dfe 24, 22941 Bargteheide<br \/>\nStellmacherstra\u00dfe 5, 23556 L\u00fcbeck<\/p>\n<p><strong>VAT ID<br \/>\n<\/strong>Sales tax identification number according to \u00a7 27 a of the Sales Tax Law: DE 813848344<\/p>\n<p><strong>Person responsible for editorial<\/strong><br \/>\nWP StB Dipl.-Ing. Thomas J\u00fcrs<br \/>\nStB Dipl. Volkswirt J\u00fcrgen von Lengerke<br \/>\nStB Arne Jahrke<br \/>\nMommsenstra\u00dfe 12<br \/>\n23843 Bad Oldesloe<\/p>\n<p><strong>Supervisory authority<br \/>\n<\/strong>The tax consultants at the Landwirtschaftlichen Buchf\u00fchrungsverband belong to the Chamber of Tax Consultants in Schleswig-Holstein<\/p>\n<p>Steuerberaterkammer Schleswig-Holstein<br \/>\nHopfenstra\u00dfe 2D<br \/>\n24114 Kiel<br \/>\n<a href=\"http:\/\/www.stbk-sh.de\" target=\"_blank\" rel=\"noopener noreferrer\">http:\/\/www.stbk-sh.de<\/a><\/p>\n<p><strong>Used photos<\/strong><\/p>\n<p>Senior als Chef telefoniert mit Mobiltelefon (c) Robert Kneschke <a href=\"https:\/\/de.fotolia.com\/id\/127861827\" target=\"_blank\" rel=\"noopener noreferrer\">fotolia.com<\/a><br \/>\nteam (c) vege <a href=\"https:\/\/de.fotolia.com\/id\/135962097\" target=\"_blank\" rel=\"noopener noreferrer\">fotolia.com<\/a><br \/>\nGesch\u00e4ftsleute arbeiten im Team: Besprechung im B\u00fcro (c) Jeanette Dietl <a href=\"https:\/\/de.fotolia.com\/id\/74389861\" target=\"_blank\" rel=\"noopener noreferrer\">fotolia.com<\/a><br \/>\nzwei frauen in einem gespr\u00e4ch am schreibtisch (c) contrastwerkstatt <a href=\"https:\/\/de.fotolia.com\/id\/92959381\" target=\"_blank\" rel=\"noopener noreferrer\">fotolia.com<\/a><br \/>\nFrachtschiff im Hafen von Hamburg, Deutschland (c) Ralf Gosch <a href=\"https:\/\/de.fotolia.com\/id\/78276313\" target=\"_blank\" rel=\"noopener noreferrer\">fotolia.com<\/a><br \/>\nReserviert blau (c) styleuneed <a href=\"https:\/\/de.fotolia.com\/id\/19362811\" target=\"_blank\" rel=\"noopener noreferrer\">fotolia.com<\/a><br \/>\nTransparent acrylic table stand display for menu isolated, white background (c) shutterman99 <a href=\"https:\/\/de.fotolia.com\/id\/125708681\" target=\"_blank\" rel=\"noopener noreferrer\">fotolia.com<\/a><\/p>\n<p><strong>Job title and professional regulations<br \/>\n<\/strong>Job title: Tax consultants<br \/>\nCompetent chamber: Steuerberaterkammer Schleswig-Holstein<br \/>\nAuthorisation granted by: Deutschland<br \/>\nThe following professional regulations apply: Steuerberatungsgesetz (StBerG); Verordnung zur Durchf\u00fchrung der Vorschriften \u00fcber Steuerberater, Steuerbevollm\u00e4chtigte und Steuerberatungsgesellschaften (DVStB); Berufsordnung (BOStB); Steuerberaterverg\u00fctungsverordnung (StBVV)<br \/>\nRegulations available at: <a href=\"https:\/\/www.bstbk.de\/de\/steuerberater\/berufsrecht\/\" target=\"_blank\" rel=\"noopener noreferrer\">https:\/\/www.bstbk.de\/de\/steuerberater\/berufsrecht\/<\/a><\/p>\n<p><strong>EU dispute resolution<br \/>\n<\/strong>The European Commission provides a platform for online dispute resolution (ODR): <a href=\"https:\/\/ec.europa.eu\/consumers\/odr\" target=\"_blank\" rel=\"noopener noreferrer\">https:\/\/ec.europa.eu\/consumers\/odr<\/a>.<br \/>\nOur e-mail address can be found above in the site notice.<\/p>\n<p>We are not willing or obliged to participate in dispute resolution proceedings in front of a consumer arbitration board.<\/p>\n<p><strong>Liability for Contents<br \/>\n<\/strong>As service providers, we are liable for own contents of these websites. However service providers are not obligated to permanently monitor submitted or stored information or to search for evidences that indicate illegal activities.<\/p>\n<p>Legal obligations to removing information or to blocking the use of information remain unchallenged. In this case, liability is only possible at the time of knowledge about a specific violation of law. Illegal contents will be removed immediately at the time we get knowledge of them.<\/p>\n<p><strong>Liability for Links<br \/>\n<\/strong>Our offer includes links to external third party websites. We have no influence on the contents of those websites, therefore we cannot guarantee for those contents. Providers or administrators of linked websites are always responsible for their own contents.<\/p>\n<p>The linked websites had been checked for possible violations of law at the time of the establishment of the link. Illegal contents were not detected at the time of the linking. A permanent monitoring of the contents of linked websites cannot be imposed without reasonable indications that there has been a violation of law. Illegal links will be removed immediately at the time we get knowledge of them.<\/p>\n<p><strong>Copyright<br \/>\n<\/strong>Contents and compilations published on these websites by the providers are subject to German copyright laws. Reproduction, editing, distribution as well as the use of any kind outside the scope of the copyright law require a written permission of the author or originator. Downloads and copies of these websites are permitted for private use only.<br \/>\nThe commercial use of our contents without permission of the originator is prohibited.<\/p>\n<p>Copyright laws of third parties are respected as long as the contents on these websites do not originate from the provider. Contributions of third parties on this site are indicated as such. However, if you notice any violations of copyright law, please inform us. Such contents will be removed immediately.<\/p>\n<p><strong>Design and Programming<br \/>\n<\/strong>Inke Studt-J\u00fcrs<br \/>\nDorfstra\u00dfe 31d<br \/>\n23795 Weede<br \/>\nPhone 04551\/91345<br \/>\nE-mail <a href=\"mailto:kontor@studt-juers.de\">kontor@studt-juers.de<\/a><br \/>\nInternet <a href=\"http:\/\/www.studt-juers.de\" target=\"_blank\" rel=\"noopener noreferrer\">www.studt-juers.de<\/a><\/p>\n","protected":false},"excerpt":{"rendered":"<p>Area of application: https:\/\/www.shbb.eu https:\/\/www.facebook.com\/shbbbadoldesloe https:\/\/www.instagram.com\/shbb.stbg\/ Information Betriebs- und Steuerberatungsgesellschaft SHBB mbH Mommsenstra\u00dfe 12 23843 Bad&#8230;<\/p>\n","protected":false},"author":1,"featured_media":0,"parent":0,"menu_order":0,"comment_status":"closed","ping_status":"closed","template":"","meta":{"_acf_changed":false,"footnotes":""},"class_list":["post-259","page","type-page","status-publish","hentry"],"acf":[],"yoast_head":"<!-- This site is optimized with the Yoast SEO plugin v27.1.1 - https:\/\/yoast.com\/product\/yoast-seo-wordpress\/ -->\n<title>Site Notice | SHBB<\/title>\n<meta name=\"robots\" content=\"index, follow, max-snippet:-1, max-image-preview:large, max-video-preview:-1\" \/>\n<link rel=\"canonical\" href=\"https:\/\/shbb.eu\/en\/about-us\/\" \/>\n<meta property=\"og:locale\" content=\"en_US\" \/>\n<meta property=\"og:type\" content=\"article\" \/>\n<meta property=\"og:title\" content=\"Site Notice | SHBB\" \/>\n<meta property=\"og:description\" content=\"Area of application: https:\/\/www.shbb.eu https:\/\/www.facebook.com\/shbbbadoldesloe https:\/\/www.instagram.com\/shbb.stbg\/ Information Betriebs- und Steuerberatungsgesellschaft SHBB mbH Mommsenstra\u00dfe 12 23843 Bad...\" \/>\n<meta property=\"og:url\" content=\"https:\/\/shbb.eu\/en\/about-us\/\" \/>\n<meta property=\"og:site_name\" content=\"SHBB\" \/>\n<meta property=\"article:modified_time\" content=\"2024-09-09T12:08:13+00:00\" \/>\n<meta name=\"twitter:card\" content=\"summary_large_image\" \/>\n<meta name=\"twitter:label1\" content=\"Est. reading time\" \/>\n\t<meta name=\"twitter:data1\" content=\"4 minutes\" \/>\n<script type=\"application\/ld+json\" class=\"yoast-schema-graph\">{\"@context\":\"https:\/\/schema.org\",\"@graph\":[{\"@type\":\"WebPage\",\"@id\":\"https:\/\/shbb.eu\/en\/about-us\/\",\"url\":\"https:\/\/shbb.eu\/en\/about-us\/\",\"name\":\"Site Notice | SHBB\",\"isPartOf\":{\"@id\":\"https:\/\/shbb.eu\/#website\"},\"datePublished\":\"2017-09-12T10:31:17+00:00\",\"dateModified\":\"2024-09-09T12:08:13+00:00\",\"breadcrumb\":{\"@id\":\"https:\/\/shbb.eu\/en\/about-us\/#breadcrumb\"},\"inLanguage\":\"en-US\",\"potentialAction\":[{\"@type\":\"ReadAction\",\"target\":[\"https:\/\/shbb.eu\/en\/about-us\/\"]}]},{\"@type\":\"BreadcrumbList\",\"@id\":\"https:\/\/shbb.eu\/en\/about-us\/#breadcrumb\",\"itemListElement\":[{\"@type\":\"ListItem\",\"position\":1,\"name\":\"Startseite\",\"item\":\"https:\/\/shbb.eu\/en\/\"},{\"@type\":\"ListItem\",\"position\":2,\"name\":\"Site Notice\"}]},{\"@type\":\"WebSite\",\"@id\":\"https:\/\/shbb.eu\/#website\",\"url\":\"https:\/\/shbb.eu\/\",\"name\":\"SHBB\",\"description\":\"\",\"potentialAction\":[{\"@type\":\"SearchAction\",\"target\":{\"@type\":\"EntryPoint\",\"urlTemplate\":\"https:\/\/shbb.eu\/?s={search_term_string}\"},\"query-input\":{\"@type\":\"PropertyValueSpecification\",\"valueRequired\":true,\"valueName\":\"search_term_string\"}}],\"inLanguage\":\"en-US\"}]}<\/script>\n<!-- \/ Yoast SEO plugin. -->","yoast_head_json":{"title":"Site Notice | SHBB","robots":{"index":"index","follow":"follow","max-snippet":"max-snippet:-1","max-image-preview":"max-image-preview:large","max-video-preview":"max-video-preview:-1"},"canonical":"https:\/\/shbb.eu\/en\/about-us\/","og_locale":"en_US","og_type":"article","og_title":"Site Notice | SHBB","og_description":"Area of application: https:\/\/www.shbb.eu https:\/\/www.facebook.com\/shbbbadoldesloe https:\/\/www.instagram.com\/shbb.stbg\/ Information Betriebs- und Steuerberatungsgesellschaft SHBB mbH Mommsenstra\u00dfe 12 23843 Bad...","og_url":"https:\/\/shbb.eu\/en\/about-us\/","og_site_name":"SHBB","article_modified_time":"2024-09-09T12:08:13+00:00","twitter_card":"summary_large_image","twitter_misc":{"Est. reading time":"4 minutes"},"schema":{"@context":"https:\/\/schema.org","@graph":[{"@type":"WebPage","@id":"https:\/\/shbb.eu\/en\/about-us\/","url":"https:\/\/shbb.eu\/en\/about-us\/","name":"Site Notice | SHBB","isPartOf":{"@id":"https:\/\/shbb.eu\/#website"},"datePublished":"2017-09-12T10:31:17+00:00","dateModified":"2024-09-09T12:08:13+00:00","breadcrumb":{"@id":"https:\/\/shbb.eu\/en\/about-us\/#breadcrumb"},"inLanguage":"en-US","potentialAction":[{"@type":"ReadAction","target":["https:\/\/shbb.eu\/en\/about-us\/"]}]},{"@type":"BreadcrumbList","@id":"https:\/\/shbb.eu\/en\/about-us\/#breadcrumb","itemListElement":[{"@type":"ListItem","position":1,"name":"Startseite","item":"https:\/\/shbb.eu\/en\/"},{"@type":"ListItem","position":2,"name":"Site Notice"}]},{"@type":"WebSite","@id":"https:\/\/shbb.eu\/#website","url":"https:\/\/shbb.eu\/","name":"SHBB","description":"","potentialAction":[{"@type":"SearchAction","target":{"@type":"EntryPoint","urlTemplate":"https:\/\/shbb.eu\/?s={search_term_string}"},"query-input":{"@type":"PropertyValueSpecification","valueRequired":true,"valueName":"search_term_string"}}],"inLanguage":"en-US"}]}},"_links":{"self":[{"href":"https:\/\/shbb.eu\/en\/wp-json\/wp\/v2\/pages\/259","targetHints":{"allow":["GET"]}}],"collection":[{"href":"https:\/\/shbb.eu\/en\/wp-json\/wp\/v2\/pages"}],"about":[{"href":"https:\/\/shbb.eu\/en\/wp-json\/wp\/v2\/types\/page"}],"author":[{"embeddable":true,"href":"https:\/\/shbb.eu\/en\/wp-json\/wp\/v2\/users\/1"}],"replies":[{"embeddable":true,"href":"https:\/\/shbb.eu\/en\/wp-json\/wp\/v2\/comments?post=259"}],"version-history":[{"count":16,"href":"https:\/\/shbb.eu\/en\/wp-json\/wp\/v2\/pages\/259\/revisions"}],"predecessor-version":[{"id":4011,"href":"https:\/\/shbb.eu\/en\/wp-json\/wp\/v2\/pages\/259\/revisions\/4011"}],"wp:attachment":[{"href":"https:\/\/shbb.eu\/en\/wp-json\/wp\/v2\/media?parent=259"}],"curies":[{"name":"wp","href":"https:\/\/api.w.org\/{rel}","templated":true}]}}